{"id":29443,"date":"2017-08-18T15:29:58","date_gmt":"2017-08-18T15:29:58","guid":{"rendered":"https:\/\/gigivontapas.com\/home\/"},"modified":"2024-10-25T07:06:56","modified_gmt":"2024-10-25T07:06:56","slug":"home","status":"publish","type":"page","link":"https:\/\/gigivontapas.com\/fr\/","title":{"rendered":"Home fr"},"content":{"rendered":"<p>[vc_row full_width=&#8221;stretch_row&#8221; full_height=&#8221;yes&#8221; parallax=&#8221;content-moving&#8221; parallax_image=&#8221;2138&#8243; p_top=&#8221;0&#8243; m_bottom=&#8221;0&#8243; css=&#8221;.vc_custom_1554714994685{padding-top: 180px !important;padding-bottom: 360px !important;background-color: #1c1c1c !important;}&#8221; el_class=&#8221;parallax-opacity-80&#8243;]\n\t<div class=\"vc_col-sm-12 vc_col-lg-offset-1 vc_col-lg-10 wpb_column vc_column_container  wow animated fadeInUp\"  data-wow-delay=\"0ms\" data-wow-iteration=\"1\" >\n\t\t<div class=\"wpb_wrapper\">\n\t\t\t[vc_single_image image=&#8221;2141&#8243; img_size=&#8221;full&#8221; alignment=&#8221;center&#8221;][vc_empty_space height=&#8221;40px&#8221;][ivan_button link=&#8221;#contact&#8221; align=&#8221;to-center&#8221; animation_iteration=&#8221;1&#8243; template=&#8221;primary-bg&#8221; c_id=&#8221;.vc_1677418995194&#8243;]Contactez-nous[\/ivan_button][vc_empty_space height=&#8221;60px&#8221;][vc_column_text c_id=&#8221;.vc_1671300288266&#8243;]<\/p>\n<h1 style=\"text-align: center;\"><span style=\"color: #ffffff;\">BRUNCH &amp; TAPAS BARCELONA<\/span><\/h1>\n<p>[\/vc_column_text]\n\t\t<\/div> <!-- END .wpb_wrapper -->\n\t<\/div> <!-- END  wpb_column vc_column_container  wow animated fadeInUp -->\n[\/vc_row][vc_row full_width=&#8221;stretch_row_content_no_spaces&#8221; m_bottom=&#8221;0&#8243; css=&#8221;.vc_custom_1554714821599{background-color: #f7f7f7 !important;}&#8221;]\n\t<div class=\"vc_col-sm-12 wpb_column vc_column_container  wow animated fadeInUp\"  data-wow-delay=\"0ms\" data-wow-iteration=\"1\" >\n\t\t<div class=\"wpb_wrapper\">\n\t\t\t[vc_row_inner equal_height=&#8221;yes&#8221; m_bottom=&#8221;0&#8243; css=&#8221;.vc_custom_1503071457841{margin-top: -200px !important;}&#8221;]\n\t<div class=\"vc_col-sm-6 wpb_column vc_column_container  vc_custom_1554472046729\"  data-wow-delay=\"0ms\">\n\t\t<div class=\"wpb_wrapper\">\n\t\t\t[vc_empty_space height=&#8221;350px&#8221;]\n\t\t<\/div> <!-- END .wpb_wrapper -->\n\t<\/div> <!-- END  wpb_column vc_column_container  -->\n\n\t<div class=\"vc_col-sm-6 wpb_column vc_column_container  vc_custom_1554484797891\"  data-wow-delay=\"0ms\">\n\t\t<div class=\"wpb_wrapper\">\n\t\t\t[vc_empty_space height=&#8221;10px&#8221;][vc_single_image image=&#8221;2195&#8243; img_size=&#8221;full&#8221;][vc_empty_space height=&#8221;10px&#8221;][vc_column_text c_id=&#8221;.vc_1677416769812&#8243;]<\/p>\n<h2>Le meilleur restaurant de Barcelone servant des brunchs et des tapas. GiGi von tapas.<\/h2>\n<p><span style=\"font-weight: 400;\">Nous voici 15 ans plus tard et nous ouvrons notre 4\u00e8me restaurant. Quel voyage ! Des larmes, de la frustration, de la joie et bien d&#8217;autres \u00e9motions ont \u00e9t\u00e9 investies dans nos restaurants au fil du temps. Le soutien de notre merveilleux personnel, de nos clients et de nos fournisseurs a \u00e9t\u00e9 d\u00e9terminant pour nous. Que cela continue longtemps !<\/span><\/p>\n<p><span style=\"font-weight: 400;\">Le concept de brunch ou de petit-d\u00e9jeuner est arriv\u00e9 tardivement \u00e0 <a href=\"https:\/\/www.google.com\/maps\/place\/GiGi+von+tapas\/@41.4001426,2.1772712,17z\/data=!3m1!4b1!4m5!3m4!1s0x12a4a31a5bb77e29:0x9096c70306cf4b2f!8m2!3d41.4001386!4d2.1794652\" target=\"_blank\" rel=\"noopener\">Barcelone<\/a>. Nous avons \u00e9t\u00e9 les pionniers de cette id\u00e9e dans notre premier restaurant, <a href=\"https:\/\/milkbarcelona.com\" target=\"_blank\" rel=\"noopener\">Milk<\/a>, ouvert en 2005. Une id\u00e9e tr\u00e8s difficile \u00e0 mettre en \u0153uvre \u00e0 l&#8217;\u00e9poque, mais qui est d\u00e9sormais adopt\u00e9e par tous. <\/span><\/p>\n<p>[\/vc_column_text][vc_empty_space height=&#8221;20px&#8221;]\n\t\t<\/div> <!-- END .wpb_wrapper -->\n\t<\/div> <!-- END  wpb_column vc_column_container  -->\n[\/vc_row_inner][vc_row_inner equal_height=&#8221;yes&#8221; m_bottom=&#8221;0&#8243;]\n\t<div class=\"vc_col-sm-6 wpb_column vc_column_container  vc_custom_1554474490255\"  data-wow-delay=\"0ms\">\n\t\t<div class=\"wpb_wrapper\">\n\t\t\t[vc_empty_space height=&#8221;20px&#8221;][vc_column_text c_id=&#8221;.vc_1678100185527&#8243;]<span style=\"font-weight: 400;\">Le brunch a un grand succ\u00e8s, c&#8217;est pourquoi nous le servons chez GiGi 7jours sur7, avec\u00a0des \u0153ufs en plein air, combin\u00e9 \u00e0 notre menu de tapas. Si vous ne pouvez pas prendre le brunch avec nous, le mieux est encore de le prendre dans le parc avec vos amis et votre famille pr\u00e8s de la <a href=\"https:\/\/www.google.com\/maps\/place\/La+Sagrada+Familia\/@41.4036339,2.1721618,17z\/data=!3m1!4b1!4m6!3m5!1s0x12a4a2dcd83dfb93:0x9bd8aac21bc3c950!8m2!3d41.4036299!4d2.1743558!16zL20vMGc2bjM\" target=\"_blank\" rel=\"noopener\">Sagrada Familia<\/a>.<\/span><\/p>\n<p><span style=\"font-weight: 400;\">Nous proposons \u00e9galement des plats \u00e0 emporter ! Tout, du saumon B\u00e9n\u00e9dicte avec sa luxueuse sauce hollandaise \u00e0 notre c\u00e9l\u00e8bre aubergine tempura orientale, sans oublier les fabuleux Bloody Mary, Mimosas au vermouth maison.<\/span><\/p>\n<p><span style=\"font-weight: 400;\">Les menus <a href=\"https:\/\/gigivontapas.com\/menus\/brunch-fr.pdf\" target=\"_blank\" rel=\"noopener\">de jour<\/a> et <a href=\"https:\/\/gigivontapas.com\/menus\/noche-es.pdf\" target=\"_blank\" rel=\"noopener\">de nuit<\/a> sont saisonniers et ont un petit quelque chose pour chacun, couvrant tous les palais, des v\u00e9g\u00e9tariens aux v\u00e9g\u00e9taliens en passant par tous les autres.<\/span><\/p>\n<p><br style=\"font-weight: 400;\" \/><br style=\"font-weight: 400;\" \/>[\/vc_column_text][vc_empty_space height=&#8221;20px&#8221;]\n\t\t<\/div> <!-- END .wpb_wrapper -->\n\t<\/div> <!-- END  wpb_column vc_column_container  -->\n\n\t<div class=\"vc_col-sm-6 wpb_column vc_column_container  vc_custom_1554715997375\"  data-wow-delay=\"0ms\">\n\t\t<div class=\"wpb_wrapper\">\n\t\t\t[vc_empty_space height=&#8221;350px&#8221;]\n\t\t<\/div> <!-- END .wpb_wrapper -->\n\t<\/div> <!-- END  wpb_column vc_column_container  -->\n[\/vc_row_inner][vc_row_inner equal_height=&#8221;yes&#8221; m_bottom=&#8221;0&#8243;]\n\t<div class=\"vc_col-sm-6 wpb_column vc_column_container  vc_custom_1554475654678\"  data-wow-delay=\"0ms\">\n\t\t<div class=\"wpb_wrapper\">\n\t\t\t[vc_empty_space height=&#8221;350px&#8221;]\n\t\t<\/div> <!-- END .wpb_wrapper -->\n\t<\/div> <!-- END  wpb_column vc_column_container  -->\n\n\t<div class=\"vc_col-sm-6 wpb_column vc_column_container  vc_custom_1554474490255\"  data-wow-delay=\"0ms\">\n\t\t<div class=\"wpb_wrapper\">\n\t\t\t[vc_empty_space height=&#8221;20px&#8221;][vc_column_text c_id=&#8221;.vc_1677416977990&#8243;]<span style=\"font-weight: 400;\">Tous nos \u00e9tablissements mettent l&#8217;accent sur les grands <a href=\"https:\/\/gigivontapas.com\/fr\/galerie\" target=\"_blank\" rel=\"noopener\">cocktails et les bi\u00e8res<\/a> artisanales, qui vous rendront le pied l\u00e9ger et vous feront sourire.<\/span><\/p>\n<p><span style=\"font-weight: 400;\">GiGi est nait de notre amour des tapas espagnoles classiques. Manger, partager et boire ensemble ! Il n&#8217;y a rien de mieux !<\/span><\/p>\n<p><span style=\"font-weight: 400;\">Notre \u00e9quipe a une grande connaissance de Barcelone et de ses tr\u00e9sors cach\u00e9s, alors n&#8217;h\u00e9sitez pas \u00e0 demander ce qui est propos\u00e9 pr\u00e8s de la Sagrada Familia et au-del\u00e0. Rebecca et moi esp\u00e9rons que vous trouverez tous chez GiGi un lieu de rencontre id\u00e9al pour commencer des vacances inoubliables dans cette ville incroyable.<\/span>[\/vc_column_text][vc_empty_space height=&#8221;20px&#8221;]\n\t\t<\/div> <!-- END .wpb_wrapper -->\n\t<\/div> <!-- END  wpb_column vc_column_container  -->\n[\/vc_row_inner][vc_row_inner equal_height=&#8221;yes&#8221; m_bottom=&#8221;0&#8243;]\n\t<div class=\"vc_col-sm-6 wpb_column vc_column_container  vc_custom_1554474490255\"  data-wow-delay=\"0ms\">\n\t\t<div class=\"wpb_wrapper\">\n\t\t\t[vc_empty_space height=&#8221;20px&#8221;][vc_column_text c_id=&#8221;.vc_1677417014974&#8243;]<span style=\"font-weight: 400;\">GiGi est ouvert 7 jours sur 7, car c&#8217;est une b\u00eate infatigable, et d&#8217;ailleurs, qui a besoin de repos ?<\/span><\/p>\n<p><span style=\"font-weight: 400;\">Jetez un coup d&#8217;\u0153il \u00e0 notre famille \u00e9largie de restaurants \u00e0 Barcelone en cliquant sur l&#8217;un des trois liens ci-dessous pour visiter le site web de &#8211;<\/span><\/p>\n<h4 style=\"text-align: left;\"><a href=\"http:\/\/milkbarcelona.com\" target=\"_blank\" rel=\"noopener\">Milk &amp; <\/a><a href=\"http:\/\/firebugbarcelona.com\" target=\"_blank\" rel=\"noopener\">Firebug<\/a><\/h4>\n<p><span style=\"font-weight: 400;\">Et encore une fois, bienvenue chez GiGi!<\/span><\/p>\n<p><span style=\"font-weight: 400;\">De Barcelone avec amour,<\/span><\/p>\n<p><span style=\"font-weight: 400;\">Meilleurs restaurants de Barcelona<\/span>[\/vc_column_text][vc_single_image image=&#8221;2165&#8243; img_size=&#8221;full&#8221; css=&#8221;.vc_custom_1671236456915{margin-bottom: 0px !important;}&#8221;][vc_empty_space height=&#8221;40px&#8221;]\n\t\t<\/div> <!-- END .wpb_wrapper -->\n\t<\/div> <!-- END  wpb_column vc_column_container  -->\n\n\t<div class=\"vc_col-sm-6 wpb_column vc_column_container  vc_custom_1601987302213\"  data-wow-delay=\"0ms\">\n\t\t<div class=\"wpb_wrapper\">\n\t\t\t[vc_empty_space height=&#8221;350px&#8221;]\n\t\t<\/div> <!-- END .wpb_wrapper -->\n\t<\/div> <!-- END  wpb_column vc_column_container  -->\n[\/vc_row_inner]\n\t\t<\/div> <!-- END .wpb_wrapper -->\n\t<\/div> <!-- END  wpb_column vc_column_container  wow animated fadeInUp -->\n[\/vc_row][vc_row full_width=&#8221;stretch_row_content_no_spaces&#8221; m_bottom=&#8221;0&#8243; css=&#8221;.vc_custom_1554714879977{margin-top: -20px !important;}&#8221; el_id=&#8221;menus&#8221;]\n\t<div class=\"vc_col-sm-3 wpb_column vc_column_container \"  data-wow-delay=\"0ms\">\n\t\t<div class=\"wpb_wrapper\">\n\t\t\t[ivan_promo_box hover_effect=&#8221;dark-overlay&#8221; title=&#8221;Brunch&#8221; button_link=&#8221;url:https%3A%2F%2Fgigivontapas.com%2Fmenus%2Fbrunch-es.pdf|title:Brunch|target:%20_blank|&#8221; animation=&#8221;fadeInUp&#8221; animation_iteration=&#8221;1&#8243; c_id=&#8221;.vc_1654605501763&#8243; header_css=&#8221;font-size:26px;&#8221; button_css=&#8221;background-color-hover:#999999;&#8221; css=&#8221;.vc_custom_1654605501763{background-color: #aaaaaa !important;}&#8221;]ver men\u00fa[\/ivan_promo_box]\n\t\t<\/div> <!-- END .wpb_wrapper -->\n\t<\/div> <!-- END  wpb_column vc_column_container  -->\n\n\t<div class=\"vc_col-sm-3 wpb_column vc_column_container \"  data-wow-delay=\"0ms\">\n\t\t<div class=\"wpb_wrapper\">\n\t\t\t[ivan_promo_box hover_effect=&#8221;dark-overlay&#8221; title=&#8221;Carte du soir&#8221; button_link=&#8221;url:https%3A%2F%2Fgigivontapas.com%2Fmenus%2Fnoche-fr.pdf|title:Evening%20Menu|target:%20_blank|&#8221; animation=&#8221;fadeInUp&#8221; animation_iteration=&#8221;1&#8243; c_id=&#8221;.vc_1677417132353&#8243; header_css=&#8221;font-size:26px;&#8221; button_css=&#8221;background-color-hover:#999999;&#8221; css=&#8221;.vc_custom_1677417132353{background-color: #8e8e8e !important;}&#8221;]ver men\u00fa[\/ivan_promo_box]\n\t\t<\/div> <!-- END .wpb_wrapper -->\n\t<\/div> <!-- END  wpb_column vc_column_container  -->\n\n\t<div class=\"vc_col-sm-3 wpb_column vc_column_container \"  data-wow-delay=\"0ms\">\n\t\t<div class=\"wpb_wrapper\">\n\t\t\t[ivan_promo_box hover_effect=&#8221;dark-overlay&#8221; title=&#8221;Desserts&#8221; button_link=&#8221;url:https%3A%2F%2Fgigivontapas.com%2Fmenus%2Fpostres.pdf|title:Postres|target:%20_blank|&#8221; animation=&#8221;fadeInUp&#8221; animation_iteration=&#8221;1&#8243; c_id=&#8221;.vc_1677417105119&#8243; header_css=&#8221;font-size:26px;&#8221; button_css=&#8221;background-color-hover:#999999;&#8221; css=&#8221;.vc_custom_1677417105119{background-color: #aaaaaa !important;}&#8221;]ver men\u00fa[\/ivan_promo_box]\n\t\t<\/div> <!-- END .wpb_wrapper -->\n\t<\/div> <!-- END  wpb_column vc_column_container  -->\n\n\t<div class=\"vc_col-sm-3 wpb_column vc_column_container \"  data-wow-delay=\"0ms\">\n\t\t<div class=\"wpb_wrapper\">\n\t\t\t[ivan_promo_box hover_effect=&#8221;dark-overlay&#8221; title=&#8221;Boissons&#8221; button_link=&#8221;url:https%3A%2F%2Fgigivontapas.com%2Fmenus%2Fcocktails.pdf|title:Drinks|target:%20_blank|&#8221; animation=&#8221;fadeInUp&#8221; animation_iteration=&#8221;1&#8243; c_id=&#8221;.vc_1677417113986&#8243; header_css=&#8221;font-size:26px;&#8221; button_css=&#8221;color-hover:#999999;&#8221; css=&#8221;.vc_custom_1677417113986{background-color: #999999 !important;}&#8221;]ver men\u00fa[\/ivan_promo_box]\n\t\t<\/div> <!-- END .wpb_wrapper -->\n\t<\/div> <!-- END  wpb_column vc_column_container  -->\n[\/vc_row][vc_row full_width=&#8221;stretch_row_content&#8221; p_bottom=&#8221;0&#8243; m_bottom=&#8221;0&#8243; css=&#8221;.vc_custom_1651649984407{padding-top: 2px !important;padding-bottom: 2px !important;background-color: #6b6b6b !important;}&#8221;]\n\t<div class=\"vc_col-sm-12 wpb_column vc_column_container \"  data-wow-delay=\"0ms\">\n\t\t<div class=\"wpb_wrapper\">\n\t\t\t\n\t\t<\/div> <!-- END .wpb_wrapper -->\n\t<\/div> <!-- END  wpb_column vc_column_container  -->\n[\/vc_row][vc_row full_width=&#8221;stretch_row&#8221; equal_height=&#8221;yes&#8221; parallax=&#8221;content-moving&#8221; parallax_image=&#8221;2201&#8243; m_bottom=&#8221;0&#8243; css=&#8221;.vc_custom_1602012435344{padding-top: 100px !important;padding-bottom: 100px !important;}&#8221; el_id=&#8221;reserva&#8221;]\n\t<div class=\"vc_col-sm-2 wpb_column vc_column_container \"  data-wow-delay=\"0ms\">\n\t\t<div class=\"wpb_wrapper\">\n\t\t\t\n\t\t<\/div> <!-- END .wpb_wrapper -->\n\t<\/div> <!-- END  wpb_column vc_column_container  -->\n\n\t<div class=\"vc_col-sm-8 wpb_column vc_column_container  wow animated fadeInUp vc_custom_1554485407072\"  data-wow-delay=\"0ms\" data-wow-iteration=\"1\" >\n\t\t<div class=\"wpb_wrapper\">\n\t\t\t[vc_single_image image=&#8221;28925&#8243; img_size=&#8221;full&#8221;][ivan_title title_tag=&#8221;h2&#8243; align=&#8221;left&#8221; animation_iteration=&#8221;1&#8243; c_id=&#8221;.vc_1677417064503&#8243; title_css=&#8221;color:#ffffff;&#8221; subtitle_css=&#8221;margin-bottom:15px;&#8221;]faites votre r\u00e9servation![\/ivan_title][vc_column_text c_id=&#8221;.vc_1677417163803&#8243;]<span style=\"color: #ffffff;\">Meilleurs restaurants de Barcelona. GiGi von tapas.<\/span><\/p>\n<h5 style=\"color: #fff;\">+34 932 469 028<\/h5>\n<h5 style=\"color: #fff;\">Carrer de la Marina, 189, 08013 BCN<\/h5>\n<h5 style=\"color: #fff;\">info@gigivontapas.com<\/h5>\n<p>[\/vc_column_text][vc_separator color=&#8221;custom&#8221; accent_color=&#8221;#ffffff&#8221;][vc_column_text c_id=&#8221;.vc_1729840010588&#8243;]<span style=\"color: #ffffff;\">Nous acceptons pas les r\u00e9servations, mais nous serons heureux de pouvoir vous aider \u00e0 trouver une table s\u00fbr place!<\/span><\/p>\n<p><span style=\"color: #ffffff;\">Pour les grands groupes envoyez-nous un mail via n\u00f4tre site web.<\/span><\/p>\n<p><span style=\"color: #ffffff;\">Merci beaucoup<\/span><br \/>\n<span style=\"color: #ffffff;\">GiGi von tapas<\/span>[\/vc_column_text][vc_separator color=&#8221;custom&#8221; accent_color=&#8221;#ffffff&#8221;][ivan_title title_tag=&#8221;h2&#8243; align=&#8221;left&#8221; animation_iteration=&#8221;1&#8243; c_id=&#8221;.vc_1555596456298&#8243; title_css=&#8221;color:#ffffff;&#8221; subtitle_css=&#8221;margin-bottom:15px;&#8221;]horario de apertura[\/ivan_title][vc_separator color=&#8221;custom&#8221; accent_color=&#8221;#ffffff&#8221;][vc_empty_space height=&#8221;10px&#8221;][vc_column_text c_id=&#8221;.vc_1677417348851&#8243;]<span style=\"color: #ffffff;\">Lundi: 12:00 &#8211; 00:30<\/span><\/p>\n<p><span style=\"color: #ffffff;\">Mardi: 12:00 &#8211; 00:30<\/span><\/p>\n<p><span style=\"color: #ffffff;\">Mercredi: 12:00 &#8211; 00:30<\/span><\/p>\n<p><span style=\"color: #ffffff;\">Jeudi: 12:00 &#8211; 00:30<\/span><\/p>\n<p><span style=\"color: #ffffff;\">Vendredi: 12:00 &#8211; 01:00<\/span><\/p>\n<p><span style=\"color: #ffffff;\">Samedi: 10:00 &#8211; 01:00<\/span><\/p>\n<p><span style=\"color: #ffffff;\">Dimanche: 10:00 &#8211; 00:30<\/span>[\/vc_column_text][vc_separator color=&#8221;custom&#8221; accent_color=&#8221;#252525&#8243;][vc_empty_space height=&#8221;10px&#8221;]\n\t\t<\/div> <!-- END .wpb_wrapper -->\n\t<\/div> <!-- END  wpb_column vc_column_container  wow animated fadeInUp -->\n\n\t<div class=\"vc_col-sm-2 wpb_column vc_column_container \"  data-wow-delay=\"0ms\">\n\t\t<div class=\"wpb_wrapper\">\n\t\t\t\n\t\t<\/div> <!-- END .wpb_wrapper -->\n\t<\/div> <!-- END  wpb_column vc_column_container  -->\n[\/vc_row]<\/p>\n","protected":false},"excerpt":{"rendered":"<p>[vc_row full_width=&#8221;stretch_row&#8221; full_height=&#8221;yes&#8221; parallax=&#8221;content-moving&#8221; parallax_image=&#8221;2138&#8243; p_top=&#8221;0&#8243; m_bottom=&#8221;0&#8243; css=&#8221;.vc_custom_1554714994685{padding-top: 180px !important;padding-bottom: 360px !important;background-color: #1c1c1c !important;}&#8221; el_class=&#8221;parallax-opacity-80&#8243;][\/vc_row][vc_row full_width=&#8221;stretch_row_content_no_spaces&#8221; m_bottom=&#8221;0&#8243; css=&#8221;.vc_custom_1554714821599{background-color: #f7f7f7 !important;}&#8221;][\/vc_row][vc_row full_width=&#8221;stretch_row_content_no_spaces&#8221; m_bottom=&#8221;0&#8243; css=&#8221;.vc_custom_1554714879977{margin-top: -20px !important;}&#8221; el_id=&#8221;menus&#8221;][\/vc_row][vc_row full_width=&#8221;stretch_row_content&#8221; p_bottom=&#8221;0&#8243; m_bottom=&#8221;0&#8243; css=&#8221;.vc_custom_1651649984407{padding-top: 2px !important;padding-bottom: 2px !important;background-color: #6b6b6b !important;}&#8221;][\/vc_row][vc_row full_width=&#8221;stretch_row&#8221; equal_height=&#8221;yes&#8221; parallax=&#8221;content-moving&#8221; parallax_image=&#8221;2201&#8243; m_bottom=&#8221;0&#8243; css=&#8221;.vc_custom_1602012435344{padding-top: 100px !important;padding-bottom: 100px !important;}&#8221; el_id=&#8221;reserva&#8221;][\/vc_row]<\/p>\n","protected":false},"author":1,"featured_media":29453,"parent":0,"menu_order":0,"comment_status":"closed","ping_status":"closed","template":"","meta":{"footnotes":""},"class_list":["post-29443","page","type-page","status-publish","has-post-thumbnail","hentry"],"_links":{"self":[{"href":"https:\/\/gigivontapas.com\/fr\/wp-json\/wp\/v2\/pages\/29443","targetHints":{"allow":["GET"]}}],"collection":[{"href":"https:\/\/gigivontapas.com\/fr\/wp-json\/wp\/v2\/pages"}],"about":[{"href":"https:\/\/gigivontapas.com\/fr\/wp-json\/wp\/v2\/types\/page"}],"author":[{"embeddable":true,"href":"https:\/\/gigivontapas.com\/fr\/wp-json\/wp\/v2\/users\/1"}],"replies":[{"embeddable":true,"href":"https:\/\/gigivontapas.com\/fr\/wp-json\/wp\/v2\/comments?post=29443"}],"version-history":[{"count":15,"href":"https:\/\/gigivontapas.com\/fr\/wp-json\/wp\/v2\/pages\/29443\/revisions"}],"predecessor-version":[{"id":29837,"href":"https:\/\/gigivontapas.com\/fr\/wp-json\/wp\/v2\/pages\/29443\/revisions\/29837"}],"wp:featuredmedia":[{"embeddable":true,"href":"https:\/\/gigivontapas.com\/fr\/wp-json\/wp\/v2\/media\/29453"}],"wp:attachment":[{"href":"https:\/\/gigivontapas.com\/fr\/wp-json\/wp\/v2\/media?parent=29443"}],"curies":[{"name":"wp","href":"https:\/\/api.w.org\/{rel}","templated":true}]}}