{"id":2638,"date":"2017-08-18T15:29:58","date_gmt":"2017-08-18T15:29:58","guid":{"rendered":"http:\/\/gigivontapas.com\/?page_id=2638"},"modified":"2024-10-25T07:05:22","modified_gmt":"2024-10-25T07:05:22","slug":"home","status":"publish","type":"page","link":"https:\/\/gigivontapas.com\/ca\/","title":{"rendered":"Home ca"},"content":{"rendered":"<p>[vc_row full_width=&#8221;stretch_row&#8221; full_height=&#8221;yes&#8221; parallax=&#8221;content-moving&#8221; parallax_image=&#8221;2138&#8243; p_top=&#8221;0&#8243; m_bottom=&#8221;0&#8243; css=&#8221;.vc_custom_1554714994685{padding-top: 180px !important;padding-bottom: 360px !important;background-color: #1c1c1c !important;}&#8221; el_class=&#8221;parallax-opacity-80&#8243;]\n\t<div class=\"vc_col-sm-12 vc_col-lg-offset-1 vc_col-lg-10 wpb_column vc_column_container  wow animated fadeInUp\"  data-wow-delay=\"0ms\" data-wow-iteration=\"1\" >\n\t\t<div class=\"wpb_wrapper\">\n\t\t\t[vc_single_image image=&#8221;2141&#8243; img_size=&#8221;full&#8221; alignment=&#8221;center&#8221;][vc_empty_space height=&#8221;40px&#8221;][ivan_button link=&#8221;#contact&#8221; align=&#8221;to-center&#8221; animation_iteration=&#8221;1&#8243; template=&#8221;primary-bg&#8221; c_id=&#8221;.vc_1677418966595&#8243;]Contacte[\/ivan_button][vc_empty_space height=&#8221;60px&#8221;][vc_column_text c_id=&#8221;.vc_1671300326365&#8243;]<\/p>\n<h1 style=\"text-align: center;\"><span style=\"color: #ffffff;\">BRUNCH &amp; TAPES BARCELONA<\/span><\/h1>\n<p>[\/vc_column_text]\n\t\t<\/div> <!-- END .wpb_wrapper -->\n\t<\/div> <!-- END  wpb_column vc_column_container  wow animated fadeInUp -->\n[\/vc_row][vc_row full_width=&#8221;stretch_row_content_no_spaces&#8221; m_bottom=&#8221;0&#8243; css=&#8221;.vc_custom_1554714821599{background-color: #f7f7f7 !important;}&#8221;]\n\t<div class=\"vc_col-sm-12 wpb_column vc_column_container  wow animated fadeInUp\"  data-wow-delay=\"0ms\" data-wow-iteration=\"1\" >\n\t\t<div class=\"wpb_wrapper\">\n\t\t\t[vc_row_inner equal_height=&#8221;yes&#8221; m_bottom=&#8221;0&#8243; css=&#8221;.vc_custom_1503071457841{margin-top: -200px !important;}&#8221;]\n\t<div class=\"vc_col-sm-6 wpb_column vc_column_container  vc_custom_1554472046729\"  data-wow-delay=\"0ms\">\n\t\t<div class=\"wpb_wrapper\">\n\t\t\t[vc_empty_space height=&#8221;350px&#8221;]\n\t\t<\/div> <!-- END .wpb_wrapper -->\n\t<\/div> <!-- END  wpb_column vc_column_container  -->\n\n\t<div class=\"vc_col-sm-6 wpb_column vc_column_container  vc_custom_1554484797891\"  data-wow-delay=\"0ms\">\n\t\t<div class=\"wpb_wrapper\">\n\t\t\t[vc_empty_space height=&#8221;10px&#8221;][vc_single_image image=&#8221;2195&#8243; img_size=&#8221;full&#8221;][vc_empty_space height=&#8221;10px&#8221;][vc_column_text c_id=&#8221;.vc_1671288426046&#8243;]<\/p>\n<h2 style=\"text-align: justify;\">El millor restaurant de Barcelona amb brunch i tapes. GiGi von tapes.<\/h2>\n<p style=\"text-align: justify;\">Pues bien, aqu\u00ed estamos despu\u00e9s de 15 a\u00f1os abriendo nuestro cuarto restaurante. Ha sido un camino lleno de emociones y experiencias que han forjado el car\u00e1cter de nuestros restaurantes. Un viaje imposible sin la colaboraci\u00f3n y el buen hacer de nuestros proveedores, el entusiasmo y esfuerzo de nuestro equipo y el cari\u00f1o de nuestros clientes.<\/p>\n<p style=\"text-align: justify;\">El concepto de brunch o desayuno lleg\u00f3 tarde a <a href=\"https:\/\/www.google.com\/maps\/place\/GiGi+von+tapas\/@41.4001426,2.1772712,17z\/data=!3m1!4b1!4m5!3m4!1s0x12a4a31a5bb77e29:0x9096c70306cf4b2f!8m2!3d41.4001386!4d2.1794652\" target=\"_blank\" rel=\"noopener\">Barcelona<\/a>. Introducimos esta idea en nuestro primer restaurante <a href=\"https:\/\/milkbarcelona.com\" target=\"_blank\" rel=\"noopener\">Milk<\/a>, desde el 2005. Fue un concepto muy dif\u00edcil de introducir en esta \u00e9poca pero ahora viene totalmente apreciado por todos.<\/p>\n<p>[\/vc_column_text][vc_empty_space height=&#8221;20px&#8221;]\n\t\t<\/div> <!-- END .wpb_wrapper -->\n\t<\/div> <!-- END  wpb_column vc_column_container  -->\n[\/vc_row_inner][vc_row_inner equal_height=&#8221;yes&#8221; m_bottom=&#8221;0&#8243;]\n\t<div class=\"vc_col-sm-6 wpb_column vc_column_container  vc_custom_1554474490255\"  data-wow-delay=\"0ms\">\n\t\t<div class=\"wpb_wrapper\">\n\t\t\t[vc_empty_space height=&#8221;20px&#8221;][vc_column_text c_id=&#8221;.vc_1678100134193&#8243;]<\/p>\n<p style=\"text-align: justify;\">El brunch es muy popular, por lo que lo servimos en Gigi los siete d\u00edas de la semana, amb huevos de pag\u00e9s, combinado con un men\u00fa de tapes. La segunda opci\u00f3n, si no puedes hacer un brunch con nosotros, es un brunch en el parque cerca de la <a href=\"https:\/\/www.google.com\/maps\/place\/La+Sagrada+Familia\/@41.4036339,2.1721618,17z\/data=!3m1!4b1!4m6!3m5!1s0x12a4a2dcd83dfb93:0x9bd8aac21bc3c950!8m2!3d41.4036299!4d2.1743558!16zL20vMGc2bjM\" target=\"_blank\" rel=\"noopener\">Sagrada Familia<\/a> con amigos y familiares. Tenemos, tambi\u00e9n, comida para llevar!<\/p>\n<p style=\"text-align: justify;\">Tenemos todo desde el Benedict de Cangrejo con su lujosa salsa hollandesa hasta nuestros famosos berenjenas en tempura, y no nos olvidamos de nuestros fabulosos bloody Mary, mimosa y vermut casero.\u00a0Los menus de <a href=\"https:\/\/gigivontapas.com\/menus\/brunch-ca.pdf\" target=\"_blank\" rel=\"noopener\">dia<\/a> y de <a href=\"https:\/\/gigivontapas.com\/menus\/noche-ca.pdf\" target=\"_blank\" rel=\"noopener\">noche<\/a> son de temporada y tienen algo para todos, cubriendo todos los platos desde platos vegetarianos, veganos y todo lo dem\u00e1s.<\/p>\n<p>[\/vc_column_text][vc_empty_space height=&#8221;20px&#8221;]\n\t\t<\/div> <!-- END .wpb_wrapper -->\n\t<\/div> <!-- END  wpb_column vc_column_container  -->\n\n\t<div class=\"vc_col-sm-6 wpb_column vc_column_container  vc_custom_1554715997375\"  data-wow-delay=\"0ms\">\n\t\t<div class=\"wpb_wrapper\">\n\t\t\t[vc_empty_space height=&#8221;350px&#8221;]\n\t\t<\/div> <!-- END .wpb_wrapper -->\n\t<\/div> <!-- END  wpb_column vc_column_container  -->\n[\/vc_row_inner][vc_row_inner equal_height=&#8221;yes&#8221; m_bottom=&#8221;0&#8243;]\n\t<div class=\"vc_col-sm-6 wpb_column vc_column_container  vc_custom_1554475654678\"  data-wow-delay=\"0ms\">\n\t\t<div class=\"wpb_wrapper\">\n\t\t\t[vc_empty_space height=&#8221;350px&#8221;]\n\t\t<\/div> <!-- END .wpb_wrapper -->\n\t<\/div> <!-- END  wpb_column vc_column_container  -->\n\n\t<div class=\"vc_col-sm-6 wpb_column vc_column_container  vc_custom_1554474490255\"  data-wow-delay=\"0ms\">\n\t\t<div class=\"wpb_wrapper\">\n\t\t\t[vc_empty_space height=&#8221;20px&#8221;][vc_column_text c_id=&#8221;.vc_1671288872560&#8243;]<\/p>\n<p style=\"text-align: justify;\">Todos nuestros establecimientos se centran en los grandes <a href=\"https:\/\/gigivontapas.com\/ca\/galeria\/\" target=\"_blank\" rel=\"noopener\">c\u00f3cteles y cervezas<\/a> artesanales para que lo disfruten y le hagan sonre\u00edr.<\/p>\n<p style=\"text-align: justify;\">GiGi nace de nuestro amor por la cultura de las tapes, \u00a1sabe todo m\u00e1s rico cuando comes y bebes compartiendo!.<\/p>\n<p style=\"text-align: justify;\">Nuestro equipo es bien conocedor de la ciudad de Barcelona y sus tesoros, as\u00ed que no dudes en preguntarnos lo que Barcelona te puede ofrecer. Deseamos que el GiGi sea uno de esos descubrimientos y que la experiencia te enriquezca y conforte para continuar tu viaje.<\/p>\n<p>[\/vc_column_text][vc_empty_space height=&#8221;20px&#8221;]\n\t\t<\/div> <!-- END .wpb_wrapper -->\n\t<\/div> <!-- END  wpb_column vc_column_container  -->\n[\/vc_row_inner][vc_row_inner equal_height=&#8221;yes&#8221; m_bottom=&#8221;0&#8243;]\n\t<div class=\"vc_col-sm-6 wpb_column vc_column_container  vc_custom_1554474490255\"  data-wow-delay=\"0ms\">\n\t\t<div class=\"wpb_wrapper\">\n\t\t\t[vc_empty_space height=&#8221;20px&#8221;][vc_column_text c_id=&#8221;.vc_1671288782545&#8243;]<\/p>\n<p style=\"text-align: justify;\">Gigi abre 7 d\u00edas a la semana, porque no nos queremos perder ni un solo d\u00eda de este viaje. Y no olvides que somos familia numerosa, as\u00ed que te invitamos a conocer<\/p>\n<h4 style=\"text-align: left;\"><a href=\"http:\/\/milkbarcelona.com\" target=\"_blank\" rel=\"noopener\">Milk &amp;<\/a><a href=\"http:\/\/firebugbarcelona.com\" target=\"_blank\" rel=\"noopener\"> Firebug<\/a><\/h4>\n<p>todos ellos ubicados los m\u00e1s curiosos rincones, desde los cuales conocer la ciudad desde perspectivas diferentes que desvelen su car\u00e1cter ecl\u00e9ctico y la heterogeneidad que la hace tan especial.<\/p>\n<p>Le deseamos amor en sus vidas,<\/p>\n<p><img loading=\"lazy\" decoding=\"async\" class=\"size-full wp-image-2427\" src=\"https:\/\/gigivontapas.com\/wp-content\/uploads\/2019\/04\/signature.png\" alt=\"tapes\" width=\"245\" height=\"60\" title=\"\">[\/vc_column_text][vc_empty_space height=&#8221;40px&#8221;]\n\t\t<\/div> <!-- END .wpb_wrapper -->\n\t<\/div> <!-- END  wpb_column vc_column_container  -->\n\n\t<div class=\"vc_col-sm-6 wpb_column vc_column_container  vc_custom_1601987302213\"  data-wow-delay=\"0ms\">\n\t\t<div class=\"wpb_wrapper\">\n\t\t\t[vc_empty_space height=&#8221;350px&#8221;]\n\t\t<\/div> <!-- END .wpb_wrapper -->\n\t<\/div> <!-- END  wpb_column vc_column_container  -->\n[\/vc_row_inner]\n\t\t<\/div> <!-- END .wpb_wrapper -->\n\t<\/div> <!-- END  wpb_column vc_column_container  wow animated fadeInUp -->\n[\/vc_row][vc_row full_width=&#8221;stretch_row_content_no_spaces&#8221; m_bottom=&#8221;0&#8243; css=&#8221;.vc_custom_1554714879977{margin-top: -20px !important;}&#8221; el_id=&#8221;menus&#8221;]\n\t<div class=\"vc_col-sm-3 wpb_column vc_column_container \"  data-wow-delay=\"0ms\">\n\t\t<div class=\"wpb_wrapper\">\n\t\t\t[ivan_promo_box hover_effect=&#8221;dark-overlay&#8221; title=&#8221;Brunch&#8221; button_link=&#8221;url:https%3A%2F%2Fgigivontapas.com%2Fmenus%2Fbrunch-ca.pdf|title:Brunch|target:%20_blank|&#8221; animation=&#8221;fadeInUp&#8221; animation_iteration=&#8221;1&#8243; c_id=&#8221;.vc_1654605740756&#8243; header_css=&#8221;font-size:26px;&#8221; button_css=&#8221;background-color-hover:#999999;&#8221; css=&#8221;.vc_custom_1654605740756{background-color: #aaaaaa !important;}&#8221;]VEURE EL MEN\u00da[\/ivan_promo_box]\n\t\t<\/div> <!-- END .wpb_wrapper -->\n\t<\/div> <!-- END  wpb_column vc_column_container  -->\n\n\t<div class=\"vc_col-sm-3 wpb_column vc_column_container \"  data-wow-delay=\"0ms\">\n\t\t<div class=\"wpb_wrapper\">\n\t\t\t[ivan_promo_box hover_effect=&#8221;dark-overlay&#8221; title=&#8221;Men\u00fa de nit&#8221; button_link=&#8221;url:https%3A%2F%2Fgigivontapas.com%2Fmenus%2Fnoche-ca.pdf|title:Evening%20Menu|target:%20_blank|&#8221; animation=&#8221;fadeInUp&#8221; animation_iteration=&#8221;1&#8243; c_id=&#8221;.vc_1654605864354&#8243; header_css=&#8221;font-size:26px;&#8221; button_css=&#8221;background-color-hover:#999999;&#8221; css=&#8221;.vc_custom_1654605864354{background-color: #8e8e8e !important;}&#8221;]VEURE EL MEN\u00da[\/ivan_promo_box]\n\t\t<\/div> <!-- END .wpb_wrapper -->\n\t<\/div> <!-- END  wpb_column vc_column_container  -->\n\n\t<div class=\"vc_col-sm-3 wpb_column vc_column_container \"  data-wow-delay=\"0ms\">\n\t\t<div class=\"wpb_wrapper\">\n\t\t\t[ivan_promo_box hover_effect=&#8221;dark-overlay&#8221; title=&#8221;Postres&#8221; button_link=&#8221;url:https%3A%2F%2Fgigivontapas.com%2Fmenus%2Fpostres.pdf|title:Postres|target:%20_blank|&#8221; animation=&#8221;fadeInUp&#8221; animation_iteration=&#8221;1&#8243; c_id=&#8221;.vc_1654605839224&#8243; header_css=&#8221;font-size:26px;&#8221; button_css=&#8221;background-color-hover:#999999;&#8221; css=&#8221;.vc_custom_1654605839224{background-color: #aaaaaa !important;}&#8221;]VEURE EL MEN\u00da[\/ivan_promo_box]\n\t\t<\/div> <!-- END .wpb_wrapper -->\n\t<\/div> <!-- END  wpb_column vc_column_container  -->\n\n\t<div class=\"vc_col-sm-3 wpb_column vc_column_container \"  data-wow-delay=\"0ms\">\n\t\t<div class=\"wpb_wrapper\">\n\t\t\t[ivan_promo_box hover_effect=&#8221;dark-overlay&#8221; title=&#8221;Begudes&#8221; button_link=&#8221;url:https%3A%2F%2Fgigivontapas.com%2Fmenus%2Fcocktails.pdf|title:Drinks|target:%20_blank|&#8221; animation=&#8221;fadeInUp&#8221; animation_iteration=&#8221;1&#8243; c_id=&#8221;.vc_1654605811211&#8243; header_css=&#8221;font-size:26px;&#8221; button_css=&#8221;color-hover:#999999;&#8221; css=&#8221;.vc_custom_1654605811211{background-color: #999999 !important;}&#8221;]VEURE EL MEN\u00da[\/ivan_promo_box]\n\t\t<\/div> <!-- END .wpb_wrapper -->\n\t<\/div> <!-- END  wpb_column vc_column_container  -->\n[\/vc_row][vc_row full_width=&#8221;stretch_row_content&#8221; p_bottom=&#8221;0&#8243; m_bottom=&#8221;0&#8243; css=&#8221;.vc_custom_1651649984407{padding-top: 2px !important;padding-bottom: 2px !important;background-color: #6b6b6b !important;}&#8221;]\n\t<div class=\"vc_col-sm-12 wpb_column vc_column_container \"  data-wow-delay=\"0ms\">\n\t\t<div class=\"wpb_wrapper\">\n\t\t\t\n\t\t<\/div> <!-- END .wpb_wrapper -->\n\t<\/div> <!-- END  wpb_column vc_column_container  -->\n[\/vc_row][vc_row full_width=&#8221;stretch_row&#8221; equal_height=&#8221;yes&#8221; parallax=&#8221;content-moving&#8221; parallax_image=&#8221;2439&#8243; m_bottom=&#8221;0&#8243; css=&#8221;.vc_custom_1602012639254{padding-top: 100px !important;padding-bottom: 100px !important;}&#8221; el_id=&#8221;reserva&#8221;]\n\t<div class=\"vc_col-sm-2 wpb_column vc_column_container \"  data-wow-delay=\"0ms\">\n\t\t<div class=\"wpb_wrapper\">\n\t\t\t\n\t\t<\/div> <!-- END .wpb_wrapper -->\n\t<\/div> <!-- END  wpb_column vc_column_container  -->\n\n\t<div class=\"vc_col-sm-8 wpb_column vc_column_container  wow animated fadeInUp vc_custom_1554485407072\"  data-wow-delay=\"0ms\" data-wow-iteration=\"1\" >\n\t\t<div class=\"wpb_wrapper\">\n\t\t\t[vc_single_image image=&#8221;28926&#8243; img_size=&#8221;full&#8221;][vc_column_text c_id=&#8221;.vc_1591879090992&#8243;]<\/p>\n<h5 style=\"color: #fff;\">+34 932 469 028<\/h5>\n<h5 style=\"color: #fff;\">Carrer de la Marina, 189, 08013 BCN<\/h5>\n<h5 style=\"color: #fff;\">info@gigivontapas.com<\/h5>\n<p>[\/vc_column_text][vc_separator color=&#8221;custom&#8221; accent_color=&#8221;#ffffff&#8221;][vc_column_text c_id=&#8221;.vc_1729839919126&#8243;]<span style=\"color: #ffffff;\">No acceptem reserves, per\u00f3 estarem encantats d`ajudar-te a trobar una taula.<\/span><\/p>\n<p><span style=\"color: #ffffff;\">Per a grups m\u00e9s grans, envieu-nos un correo eletr\u00f3nic a trav\u00e9s del nostre lloc web.<\/span><\/p>\n<p><span style=\"color: #ffffff;\">Moltes gr\u00e1cies<\/span><br \/>\n<span style=\"color: #ffffff;\">GiGi von tapas<\/span>[\/vc_column_text][vc_separator color=&#8221;custom&#8221; accent_color=&#8221;#ffffff&#8221;][ivan_title title_tag=&#8221;h2&#8243; align=&#8221;left&#8221; animation_iteration=&#8221;1&#8243; c_id=&#8221;.vc_1555600538305&#8243; title_css=&#8221;color:#ffffff;&#8221; subtitle_css=&#8221;margin-bottom:15px;&#8221;]horari d&#8217;obertura[\/ivan_title][vc_separator color=&#8221;custom&#8221; accent_color=&#8221;#ffffff&#8221;][vc_empty_space height=&#8221;10px&#8221;][vc_column_text c_id=&#8221;.vc_1620841378609&#8243;]<\/p>\n<p class=\"p1\"><span style=\"color: #ffffff;\"><span class=\"s1\">Dilluns: <\/span><span class=\"s2\"> 12:00 &#8211; 00:30<\/span><\/span><\/p>\n<p class=\"p2\"><span class=\"s3\" style=\"color: #ffffff;\"><span class=\"s1\">Dimarts: <\/span><span class=\"s2\"> 12:00 &#8211; 00:30<\/span><\/span><\/p>\n<p class=\"p2\"><span class=\"s3\" style=\"color: #ffffff;\"><span class=\"s1\">Dimecres: <\/span><span class=\"s2\"> 12:00 &#8211; 00:30<\/span><\/span><\/p>\n<p class=\"p1\"><span style=\"color: #ffffff;\"><span class=\"s1\">Dijous: <\/span><span class=\"s2\"> 12:00 &#8211; 00:30<\/span><\/span><\/p>\n<p class=\"p1\"><span style=\"color: #ffffff;\"><span class=\"s1\">Divendres: <\/span><span class=\"s2\"> 12:00 &#8211; 01:00<\/span><\/span><\/p>\n<p class=\"p1\"><span style=\"color: #ffffff;\"><span class=\"s1\">Dissabte: <\/span><span class=\"s2\"> 10:00 &#8211; 01:00<\/span><\/span><\/p>\n<p class=\"p1\"><span style=\"color: #ffffff;\"><span class=\"s1\">Diumenge: <\/span><span class=\"s2\"> 10:00 &#8211; 00:30<\/span><\/span><\/p>\n<p>[\/vc_column_text][vc_separator color=&#8221;custom&#8221; accent_color=&#8221;#ffffff&#8221;][vc_empty_space height=&#8221;10px&#8221;]\n\t\t<\/div> <!-- END .wpb_wrapper -->\n\t<\/div> <!-- END  wpb_column vc_column_container  wow animated fadeInUp -->\n\n\t<div class=\"vc_col-sm-2 wpb_column vc_column_container \"  data-wow-delay=\"0ms\">\n\t\t<div class=\"wpb_wrapper\">\n\t\t\t\n\t\t<\/div> <!-- END .wpb_wrapper -->\n\t<\/div> <!-- END  wpb_column vc_column_container  -->\n[\/vc_row]<\/p>\n","protected":false},"excerpt":{"rendered":"<p>[vc_row full_width=&#8221;stretch_row&#8221; full_height=&#8221;yes&#8221; parallax=&#8221;content-moving&#8221; parallax_image=&#8221;2138&#8243; p_top=&#8221;0&#8243; m_bottom=&#8221;0&#8243; css=&#8221;.vc_custom_1554714994685{padding-top: 180px !important;padding-bottom: 360px !important;background-color: #1c1c1c !important;}&#8221; el_class=&#8221;parallax-opacity-80&#8243;][\/vc_row][vc_row full_width=&#8221;stretch_row_content_no_spaces&#8221; m_bottom=&#8221;0&#8243; css=&#8221;.vc_custom_1554714821599{background-color: #f7f7f7 !important;}&#8221;][\/vc_row][vc_row full_width=&#8221;stretch_row_content_no_spaces&#8221; m_bottom=&#8221;0&#8243; css=&#8221;.vc_custom_1554714879977{margin-top: -20px !important;}&#8221; el_id=&#8221;menus&#8221;][\/vc_row][vc_row full_width=&#8221;stretch_row_content&#8221; p_bottom=&#8221;0&#8243; m_bottom=&#8221;0&#8243; css=&#8221;.vc_custom_1651649984407{padding-top: 2px !important;padding-bottom: 2px !important;background-color: #6b6b6b !important;}&#8221;][\/vc_row][vc_row full_width=&#8221;stretch_row&#8221; equal_height=&#8221;yes&#8221; parallax=&#8221;content-moving&#8221; parallax_image=&#8221;2439&#8243; m_bottom=&#8221;0&#8243; css=&#8221;.vc_custom_1602012639254{padding-top: 100px !important;padding-bottom: 100px !important;}&#8221; el_id=&#8221;reserva&#8221;][\/vc_row]<\/p>\n","protected":false},"author":1,"featured_media":29280,"parent":0,"menu_order":0,"comment_status":"closed","ping_status":"closed","template":"","meta":{"footnotes":""},"class_list":["post-2638","page","type-page","status-publish","has-post-thumbnail","hentry"],"_links":{"self":[{"href":"https:\/\/gigivontapas.com\/ca\/wp-json\/wp\/v2\/pages\/2638","targetHints":{"allow":["GET"]}}],"collection":[{"href":"https:\/\/gigivontapas.com\/ca\/wp-json\/wp\/v2\/pages"}],"about":[{"href":"https:\/\/gigivontapas.com\/ca\/wp-json\/wp\/v2\/types\/page"}],"author":[{"embeddable":true,"href":"https:\/\/gigivontapas.com\/ca\/wp-json\/wp\/v2\/users\/1"}],"replies":[{"embeddable":true,"href":"https:\/\/gigivontapas.com\/ca\/wp-json\/wp\/v2\/comments?post=2638"}],"version-history":[{"count":118,"href":"https:\/\/gigivontapas.com\/ca\/wp-json\/wp\/v2\/pages\/2638\/revisions"}],"predecessor-version":[{"id":29836,"href":"https:\/\/gigivontapas.com\/ca\/wp-json\/wp\/v2\/pages\/2638\/revisions\/29836"}],"wp:featuredmedia":[{"embeddable":true,"href":"https:\/\/gigivontapas.com\/ca\/wp-json\/wp\/v2\/media\/29280"}],"wp:attachment":[{"href":"https:\/\/gigivontapas.com\/ca\/wp-json\/wp\/v2\/media?parent=2638"}],"curies":[{"name":"wp","href":"https:\/\/api.w.org\/{rel}","templated":true}]}}